{"id":3758,"date":"2020-05-29T21:05:28","date_gmt":"2020-05-29T19:05:28","guid":{"rendered":"https:\/\/www.business.hr\/?page_id=3758"},"modified":"2020-06-02T09:04:44","modified_gmt":"2020-06-02T07:04:44","slug":"kontakty","status":"publish","type":"page","link":"https:\/\/www.business.hr\/cs\/kontakty\/","title":{"rendered":"Kontakty"},"content":{"rendered":"<p>[et_pb_section fb_built=&#8220;1&#8243; _builder_version=&#8220;3.22&#8243;][et_pb_row _builder_version=&#8220;3.25&#8243; background_size=&#8220;initial&#8220; background_position=&#8220;top_left&#8220; background_repeat=&#8220;repeat&#8220;][et_pb_column type=&#8220;4_4&#8243; _builder_version=&#8220;3.25&#8243; custom_padding=&#8220;|||&#8220; custom_padding__hover=&#8220;|||&#8220;][et_pb_text _builder_version=&#8220;4.4.7&#8243; border_style=&#8220;solid&#8220;]<\/p>\n<h3 style=\"text-align: center;\">M\u00e1te n\u011bjak\u00e9 ot\u00e1zky?<\/h3>\n<h3 style=\"text-align: center;\">Nev\u00e1hejte n\u00e1s kontaktovat e-mailem : <a href=\"mailto:info@business.hr\">info@business.hr<\/a><\/h3>\n<p>[\/et_pb_text][et_pb_button button_url=&#8220;https:\/\/www.ferratum.cz\/apply\/credit-limit?k=AFFKDC&#038;?utm_source=KDcapital&#038;utm_medium=affiliate&#038;utm_campaign=affiliate&#038;utm_content=BusinessHR&#8220; button_text=&#8220;Klikn\u011bte zde po\u017e\u00e1dat o p\u016fj\u010dku&#8220; button_alignment=&#8220;center&#8220; _builder_version=&#8220;4.4.7&#8243; custom_button=&#8220;on&#8220; button_text_color=&#8220;#f89017&#8243; button_border_color=&#8220;#f89017&#8243; button_border_color__hover_enabled=&#8220;on|hover&#8220; button_border_color__hover=&#8220;#f89017&#8243; button_bg_color__hover_enabled=&#8220;on|hover&#8220; button_bg_color__hover=&#8220;#ffffff&#8220; button_bg_enable_color__hover=&#8220;on&#8220; global_module=&#8220;3814&#8243;][\/et_pb_button][et_pb_code _builder_version=&#8220;4.4.1&#8243;]<script><!-- [et_pb_line_break_holder] -->jQuery(document).ready(function(){<!-- [et_pb_line_break_holder] -->\t\t\t_calcSetFooter();<!-- [et_pb_line_break_holder] -->\t\t\tsetTimeout(_calcSetFooter, 1000);<!-- [et_pb_line_break_holder] -->\t\t\tsetTimeout(_calcSetFooter, 2000);<!-- [et_pb_line_break_holder] -->\t\t\tsetTimeout(_calcSetFooter, 5000);<!-- [et_pb_line_break_holder] -->\t\t});<!-- [et_pb_line_break_holder] --><!-- [et_pb_line_break_holder] -->\t\tfunction _calcSetFooter()<!-- [et_pb_line_break_holder] -->\t\t{<!-- [et_pb_line_break_holder] -->\t\t\tvar h = jQuery(window).height() - jQuery(\".et-l.et-l--post\").offset().top - jQuery(\"#main-footer\").height() ;<!-- [et_pb_line_break_holder] -->\t\t\tjQuery(\".et-l.et-l--post\").css(\"min-height\", h);<!-- [et_pb_line_break_holder] -->\t\t}<!-- [et_pb_line_break_holder] --><\/script>[\/et_pb_code][\/et_pb_column][\/et_pb_row][\/et_pb_section]<\/p>\n<div><script type=\"application\/ld+json\">{\"@context\":\"https:\\\/\\\/schema.org\\\/\",\"@type\":\"CreativeWorkSeries\",\"name\":\"\",\"aggregateRating\":{\"@type\":\"AggregateRating\",\"ratingValue\":\"4.7\",\"bestRating\":5,\"ratingCount\":627}}<\/script><\/div><div class='ant-schema-rating'><div style='display: inline;' class='ant-schema-rating-controls'><a href=\"javascript:_antSchemaRate(1);\"><img decoding=\"async\" src=\"https:\/\/www.business.hr\/wp-content\/plugins\/antidra-schema\/res\/img\/star.svg\" style=\"width: 16px;\"\/><\/a> &nbsp;<a href=\"javascript:_antSchemaRate(2);\"><img decoding=\"async\" src=\"https:\/\/www.business.hr\/wp-content\/plugins\/antidra-schema\/res\/img\/star.svg\" style=\"width: 16px;\"\/><\/a> &nbsp;<a href=\"javascript:_antSchemaRate(3);\"><img decoding=\"async\" src=\"https:\/\/www.business.hr\/wp-content\/plugins\/antidra-schema\/res\/img\/star.svg\" style=\"width: 16px;\"\/><\/a> &nbsp;<a href=\"javascript:_antSchemaRate(4);\"><img decoding=\"async\" src=\"https:\/\/www.business.hr\/wp-content\/plugins\/antidra-schema\/res\/img\/star.svg\" style=\"width: 16px;\"\/><\/a> &nbsp;<a href=\"javascript:_antSchemaRate(5);\"><img decoding=\"async\" src=\"https:\/\/www.business.hr\/wp-content\/plugins\/antidra-schema\/res\/img\/star.svg\" style=\"width: 16px;\"\/><\/a> &nbsp;<\/div> <span class='ant-schema-rating-title'>Hodnocen\u00ed:<\/span> <span class='ant-schema-rating-value'>4.7 \/ 5 (627 hodnocen\u00ed)<\/span><\/div><div><script>\r\n                    function _antSchemaRate(rate){\r\n                        if(!confirm(\"Opravdu chcete obsah ohodnotit hodnocen\u00edm: \" + rate)) return;\r\n                        var url = document.location.href;\r\n                        url = url.split(\"?\");\r\n                        url = url[0] + \"?antshcm_vote=\" + rate + \"&token=b3e63d0b83269c6a403340e7fc49914f&key=427f04a06554a459be8f1f078a774f3c&url_e=%2Fcs%2Fwp-json%2Fwp%2Fv2%2Fpages%2F3758\";  \r\n                        jQuery.ajax({\r\n                          url: url\r\n                        }).done(function() {\r\n                          alert(\"Zahvaljujemo se na ocjeni\");\r\n                          document.location.reload();\r\n                        });\r\n                    }\r\n                <\/script><\/div>","protected":false},"excerpt":{"rendered":"<p>M\u00e1te n\u011bjak\u00e9 ot\u00e1zky? Nev\u00e1hejte n\u00e1s kontaktovat e-mailem : info@business.hr<\/p>\n","protected":false},"author":1,"featured_media":0,"parent":0,"menu_order":0,"comment_status":"closed","ping_status":"closed","template":"","meta":{"_et_pb_use_builder":"on","_et_pb_old_content":"<p>[et_pb_section fb_built=\"1\" _builder_version=\"3.22\"][et_pb_row _builder_version=\"3.25\" background_size=\"initial\" background_position=\"top_left\" background_repeat=\"repeat\"][et_pb_column type=\"4_4\" _builder_version=\"3.25\" custom_padding=\"|||\" custom_padding__hover=\"|||\"][et_pb_text _builder_version=\"4.0.3\" border_style=\"solid\"]<\/p><h3 style=\"text-align: center;\">Imate pitanja?<\/h3><h3 style=\"text-align: center;\">Slobodno nas kontaktirajte na email : info@business.hr<\/h3><p>[\/et_pb_text][et_pb_button button_url=\"https:\/\/www.business.hr\/postupak-prijave\/\" button_text=\"KLIKNITE OVDJE ZA PRIJAVU ZA KREDIT\" button_alignment=\"center\" _builder_version=\"3.16\" custom_button=\"on\" button_text_color=\"#f89017\" button_border_color=\"#f89017\" button_font=\"||||\" button_text_size_tablet=\"20\" button_text_size_phone=\"20\" button_letter_spacing_tablet=\"0\" button_letter_spacing_phone=\"0\" button_border_radius_hover=\"3\" button_letter_spacing_hover=\"0\" button_bg_color_hover=\"#ffffff\" global_module=\"233\" saved_tabs=\"all\" button_text_size__hover_enabled=\"off\" button_one_text_size__hover_enabled=\"off\" button_two_text_size__hover_enabled=\"off\" button_text_color__hover_enabled=\"off\" button_one_text_color__hover_enabled=\"off\" button_two_text_color__hover_enabled=\"off\" button_border_width__hover_enabled=\"off\" button_one_border_width__hover_enabled=\"off\" button_two_border_width__hover_enabled=\"off\" button_border_color__hover_enabled=\"off\" button_one_border_color__hover_enabled=\"off\" button_two_border_color__hover_enabled=\"off\" button_border_radius__hover_enabled=\"on\" button_border_radius__hover=\"3\" button_one_border_radius__hover_enabled=\"off\" button_two_border_radius__hover_enabled=\"off\" button_letter_spacing__hover_enabled=\"on\" button_letter_spacing__hover=\"0\" button_one_letter_spacing__hover_enabled=\"off\" button_two_letter_spacing__hover_enabled=\"off\" button_bg_color__hover_enabled=\"on\" button_bg_color__hover=\"#ffffff\" button_one_bg_color__hover_enabled=\"off\" button_two_bg_color__hover_enabled=\"off\"][\/et_pb_button][et_pb_code _builder_version=\"4.4.1\" hover_enabled=\"0\"]<script><!-- [et_pb_line_break_holder] -->jQuery(document).ready(function(){<!-- [et_pb_line_break_holder] -->\t\t\t_calcSetFooter();<!-- [et_pb_line_break_holder] -->\t\t\tsetTimeout(_calcSetFooter, 1000);<!-- [et_pb_line_break_holder] -->\t\t\tsetTimeout(_calcSetFooter, 2000);<!-- [et_pb_line_break_holder] -->\t\t\tsetTimeout(_calcSetFooter, 5000);<!-- [et_pb_line_break_holder] -->\t\t});<!-- [et_pb_line_break_holder] --><!-- [et_pb_line_break_holder] -->\t\tfunction _calcSetFooter()<!-- [et_pb_line_break_holder] -->\t\t{<!-- [et_pb_line_break_holder] -->\t\t\tvar h = jQuery(window).height() - jQuery(\".et-l.et-l--post\").offset().top - jQuery(\"#main-footer\").height() ;<!-- [et_pb_line_break_holder] -->\t\t\tjQuery(\".et-l.et-l--post\").css(\"min-height\", h);<!-- [et_pb_line_break_holder] -->\t\t}<!-- [et_pb_line_break_holder] --><\/script>[\/et_pb_code][\/et_pb_column][\/et_pb_row][\/et_pb_section]<\/p>","_et_gb_content_width":"","inline_featured_image":false,"footnotes":""},"class_list":["post-3758","page","type-page","status-publish","hentry"],"yoast_head":"<!-- This site is optimized with the Yoast SEO Premium plugin v27.5 (Yoast SEO v27.5) - https:\/\/yoast.com\/product\/yoast-seo-premium-wordpress\/ -->\n<title>Kontakty - business.hr<\/title>\n<meta name=\"description\" content=\"M\u00e1te n\u011bjak\u00e9 ot\u00e1zky? Nev\u00e1hejte n\u00e1s kontaktovat e-mailem : info@business.hr.\" \/>\n<meta name=\"robots\" content=\"index, follow, max-snippet:-1, max-image-preview:large, max-video-preview:-1\" \/>\n<link rel=\"canonical\" href=\"https:\/\/www.business.hr\/cs\/kontakty\/\" \/>\n<meta property=\"og:locale\" content=\"cs_CZ\" \/>\n<meta property=\"og:type\" content=\"article\" \/>\n<meta property=\"og:title\" content=\"Kontakty\" \/>\n<meta property=\"og:description\" content=\"M\u00e1te n\u011bjak\u00e9 ot\u00e1zky? Nev\u00e1hejte n\u00e1s kontaktovat e-mailem : info@business.hr.\" \/>\n<meta property=\"og:url\" content=\"https:\/\/www.business.hr\/cs\/kontakty\/\" \/>\n<meta property=\"article:modified_time\" content=\"2020-06-02T07:04:44+00:00\" \/>\n<meta name=\"twitter:card\" content=\"summary_large_image\" \/>\n<meta name=\"twitter:label1\" content=\"Odhadovan\u00e1 doba \u010dten\u00ed\" \/>\n\t<meta name=\"twitter:data1\" content=\"1 minuta\" \/>\n<script type=\"application\/ld+json\" class=\"yoast-schema-graph\">{\"@context\":\"https:\\\/\\\/schema.org\",\"@graph\":[{\"@type\":\"WebPage\",\"@id\":\"https:\\\/\\\/www.business.hr\\\/cs\\\/kontakty\\\/\",\"url\":\"https:\\\/\\\/www.business.hr\\\/cs\\\/kontakty\\\/\",\"name\":\"Kontakty - business.hr\",\"isPartOf\":{\"@id\":\"https:\\\/\\\/www.business.hr\\\/cs\\\/#website\"},\"datePublished\":\"2020-05-29T19:05:28+00:00\",\"dateModified\":\"2020-06-02T07:04:44+00:00\",\"description\":\"M\u00e1te n\u011bjak\u00e9 ot\u00e1zky? Nev\u00e1hejte n\u00e1s kontaktovat e-mailem : info@business.hr.\",\"breadcrumb\":{\"@id\":\"https:\\\/\\\/www.business.hr\\\/cs\\\/kontakty\\\/#breadcrumb\"},\"inLanguage\":\"cs\",\"potentialAction\":[{\"@type\":\"ReadAction\",\"target\":[\"https:\\\/\\\/www.business.hr\\\/cs\\\/kontakty\\\/\"]}]},{\"@type\":\"BreadcrumbList\",\"@id\":\"https:\\\/\\\/www.business.hr\\\/cs\\\/kontakty\\\/#breadcrumb\",\"itemListElement\":[{\"@type\":\"ListItem\",\"position\":1,\"name\":\"Home\",\"item\":\"https:\\\/\\\/www.business.hr\\\/cs\\\/\"},{\"@type\":\"ListItem\",\"position\":2,\"name\":\"Kontakty\"}]},{\"@type\":\"WebSite\",\"@id\":\"https:\\\/\\\/www.business.hr\\\/cs\\\/#website\",\"url\":\"https:\\\/\\\/www.business.hr\\\/cs\\\/\",\"name\":\"\",\"description\":\"\",\"potentialAction\":[{\"@type\":\"SearchAction\",\"target\":{\"@type\":\"EntryPoint\",\"urlTemplate\":\"https:\\\/\\\/www.business.hr\\\/cs\\\/?s={search_term_string}\"},\"query-input\":{\"@type\":\"PropertyValueSpecification\",\"valueRequired\":true,\"valueName\":\"search_term_string\"}}],\"inLanguage\":\"cs\"}]}<\/script>\n<!-- \/ Yoast SEO Premium plugin. -->","yoast_head_json":{"title":"Kontakty - business.hr","description":"M\u00e1te n\u011bjak\u00e9 ot\u00e1zky? Nev\u00e1hejte n\u00e1s kontaktovat e-mailem : info@business.hr.","robots":{"index":"index","follow":"follow","max-snippet":"max-snippet:-1","max-image-preview":"max-image-preview:large","max-video-preview":"max-video-preview:-1"},"canonical":"https:\/\/www.business.hr\/cs\/kontakty\/","og_locale":"cs_CZ","og_type":"article","og_title":"Kontakty","og_description":"M\u00e1te n\u011bjak\u00e9 ot\u00e1zky? Nev\u00e1hejte n\u00e1s kontaktovat e-mailem : info@business.hr.","og_url":"https:\/\/www.business.hr\/cs\/kontakty\/","article_modified_time":"2020-06-02T07:04:44+00:00","twitter_card":"summary_large_image","twitter_misc":{"Odhadovan\u00e1 doba \u010dten\u00ed":"1 minuta"},"schema":{"@context":"https:\/\/schema.org","@graph":[{"@type":"WebPage","@id":"https:\/\/www.business.hr\/cs\/kontakty\/","url":"https:\/\/www.business.hr\/cs\/kontakty\/","name":"Kontakty - business.hr","isPartOf":{"@id":"https:\/\/www.business.hr\/cs\/#website"},"datePublished":"2020-05-29T19:05:28+00:00","dateModified":"2020-06-02T07:04:44+00:00","description":"M\u00e1te n\u011bjak\u00e9 ot\u00e1zky? Nev\u00e1hejte n\u00e1s kontaktovat e-mailem : info@business.hr.","breadcrumb":{"@id":"https:\/\/www.business.hr\/cs\/kontakty\/#breadcrumb"},"inLanguage":"cs","potentialAction":[{"@type":"ReadAction","target":["https:\/\/www.business.hr\/cs\/kontakty\/"]}]},{"@type":"BreadcrumbList","@id":"https:\/\/www.business.hr\/cs\/kontakty\/#breadcrumb","itemListElement":[{"@type":"ListItem","position":1,"name":"Home","item":"https:\/\/www.business.hr\/cs\/"},{"@type":"ListItem","position":2,"name":"Kontakty"}]},{"@type":"WebSite","@id":"https:\/\/www.business.hr\/cs\/#website","url":"https:\/\/www.business.hr\/cs\/","name":"","description":"","potentialAction":[{"@type":"SearchAction","target":{"@type":"EntryPoint","urlTemplate":"https:\/\/www.business.hr\/cs\/?s={search_term_string}"},"query-input":{"@type":"PropertyValueSpecification","valueRequired":true,"valueName":"search_term_string"}}],"inLanguage":"cs"}]}},"_links":{"self":[{"href":"https:\/\/www.business.hr\/cs\/wp-json\/wp\/v2\/pages\/3758","targetHints":{"allow":["GET"]}}],"collection":[{"href":"https:\/\/www.business.hr\/cs\/wp-json\/wp\/v2\/pages"}],"about":[{"href":"https:\/\/www.business.hr\/cs\/wp-json\/wp\/v2\/types\/page"}],"author":[{"embeddable":true,"href":"https:\/\/www.business.hr\/cs\/wp-json\/wp\/v2\/users\/1"}],"replies":[{"embeddable":true,"href":"https:\/\/www.business.hr\/cs\/wp-json\/wp\/v2\/comments?post=3758"}],"version-history":[{"count":0,"href":"https:\/\/www.business.hr\/cs\/wp-json\/wp\/v2\/pages\/3758\/revisions"}],"wp:attachment":[{"href":"https:\/\/www.business.hr\/cs\/wp-json\/wp\/v2\/media?parent=3758"}],"curies":[{"name":"wp","href":"https:\/\/api.w.org\/{rel}","templated":true}]}}